{"id":1199,"date":"2025-12-20T17:03:13","date_gmt":"2025-12-20T16:03:13","guid":{"rendered":"https:\/\/www.thomasheimann.ch\/?page_id=1199"},"modified":"2025-12-21T15:23:50","modified_gmt":"2025-12-21T14:23:50","slug":"kuratorische-projekte","status":"publish","type":"page","link":"https:\/\/www.thomasheimann.ch\/en\/sample-page\/ausstellungen-ausstellungsbeteiligungen-2\/kuratorische-projekte\/","title":{"rendered":"Curatorial Projects"},"content":{"rendered":"<div data-elementor-type=\"wp-page\" data-elementor-id=\"1199\" class=\"elementor elementor-1199\">\n\t\t\t\t\t\t<section class=\"elementor-section elementor-top-section elementor-element elementor-element-814b2da elementor-section-height-min-height elementor-section-boxed elementor-section-height-default elementor-section-items-middle\" data-id=\"814b2da\" data-element_type=\"section\" data-e-type=\"section\">\n\t\t\t\t\t\t<div class=\"elementor-container elementor-column-gap-default\">\n\t\t\t\t\t<div class=\"elementor-column elementor-col-100 elementor-top-column elementor-element elementor-element-1992e8e\" data-id=\"1992e8e\" data-element_type=\"column\" data-e-type=\"column\">\n\t\t\t<div class=\"elementor-widget-wrap elementor-element-populated\">\n\t\t\t\t\t\t<div class=\"elementor-element elementor-element-a725e4a elementor-widget elementor-widget-menu-anchor\" data-id=\"a725e4a\" data-element_type=\"widget\" data-e-type=\"widget\" data-widget_type=\"menu-anchor.default\">\n\t\t\t\t<div class=\"elementor-widget-container\">\n\t\t\t\t\t\t\t<div class=\"elementor-menu-anchor\" id=\"V2-kurP\"><\/div>\n\t\t\t\t\t\t<\/div>\n\t\t\t\t<\/div>\n\t\t\t\t\t<\/div>\n\t\t<\/div>\n\t\t\t\t\t<\/div>\n\t\t<\/section>\n\t\t\t\t<section class=\"elementor-section elementor-top-section elementor-element elementor-element-fa81a72 elementor-section-boxed elementor-section-height-default elementor-section-height-default\" data-id=\"fa81a72\" data-element_type=\"section\" data-e-type=\"section\">\n\t\t\t\t\t\t<div class=\"elementor-container elementor-column-gap-default\">\n\t\t\t\t\t<div class=\"elementor-column elementor-col-100 elementor-top-column elementor-element elementor-element-4485de6\" data-id=\"4485de6\" data-element_type=\"column\" data-e-type=\"column\">\n\t\t\t<div class=\"elementor-widget-wrap elementor-element-populated\">\n\t\t\t\t\t\t<div class=\"elementor-element elementor-element-b1feaa5 elementor-widget elementor-widget-text-editor\" data-id=\"b1feaa5\" data-element_type=\"widget\" data-e-type=\"widget\" data-widget_type=\"text-editor.default\">\n\t\t\t\t<div class=\"elementor-widget-container\">\n\t\t\t\t\t\t\t\t\t<div id=\"V2-kurP\">\u00a0<\/div><ul><li>2015 Unterwegs nach Hellissandur (Culturescapes Iceland) @Ausstellungsraum Klingental, Basel<\/li><li>2011 Nature &#8211; S\u00e9lection Videos Suisse (Regionale 12) @acc\u00e9l\u00e9rateur de particules, Strasbourg<\/li><li>2010-12 KECK Kiosk @Kaserne, Basel<\/li><li>2006-23 Board member Ausstellungsraum Klingental, Basel<\/li><li>\u2026<\/li><\/ul>\t\t\t\t\t\t\t\t<\/div>\n\t\t\t\t<\/div>\n\t\t\t\t\t<\/div>\n\t\t<\/div>\n\t\t\t\t\t<\/div>\n\t\t<\/section>\n\t\t\t\t<section class=\"elementor-section elementor-top-section elementor-element elementor-element-8ab42c1 elementor-section-boxed elementor-section-height-default elementor-section-height-default\" data-id=\"8ab42c1\" data-element_type=\"section\" data-e-type=\"section\">\n\t\t\t\t\t\t<div class=\"elementor-container elementor-column-gap-default\">\n\t\t\t\t\t<div class=\"elementor-column elementor-col-100 elementor-top-column elementor-element elementor-element-f7e95c0\" data-id=\"f7e95c0\" data-element_type=\"column\" data-e-type=\"column\">\n\t\t\t<div class=\"elementor-widget-wrap elementor-element-populated\">\n\t\t\t\t\t\t<div class=\"elementor-element elementor-element-5b9a9dc elementor-widget elementor-widget-image\" data-id=\"5b9a9dc\" data-element_type=\"widget\" data-e-type=\"widget\" data-widget_type=\"image.default\">\n\t\t\t\t<div class=\"elementor-widget-container\">\n\t\t\t\t\t\t\t\t\t\t\t\t\t\t\t<img decoding=\"async\" width=\"950\" height=\"19\" src=\"https:\/\/www.thomasheimann.ch\/wp-content\/uploads\/2025\/12\/Palette-Ausschnitt_web.png\" class=\"attachment-large size-large wp-image-1247\" alt=\"Palette Trenner\" srcset=\"https:\/\/www.thomasheimann.ch\/wp-content\/uploads\/2025\/12\/Palette-Ausschnitt_web.png 1077w, https:\/\/www.thomasheimann.ch\/wp-content\/uploads\/2025\/12\/Palette-Ausschnitt_web-300x6.png 300w, https:\/\/www.thomasheimann.ch\/wp-content\/uploads\/2025\/12\/Palette-Ausschnitt_web-150x3.png 150w, https:\/\/www.thomasheimann.ch\/wp-content\/uploads\/2025\/12\/Palette-Ausschnitt_web-18x1.png 18w, https:\/\/www.thomasheimann.ch\/wp-content\/uploads\/2025\/12\/Palette-Ausschnitt_web-600x12.png 600w\" sizes=\"100vw\" \/>\t\t\t\t\t\t\t\t\t\t\t\t\t\t\t<\/div>\n\t\t\t\t<\/div>\n\t\t\t\t\t<\/div>\n\t\t<\/div>\n\t\t\t\t\t<\/div>\n\t\t<\/section>\n\t\t\t\t<\/div>","protected":false},"excerpt":{"rendered":"<p>\u00a0 2015 Unterwegs nach Hellissandur (Culturescapes Iceland) @Ausstellungsraum Klingental, Basel 2011 Nature &#8211; S\u00e9lection Videos Suisse (Regionale 12) @acc\u00e9l\u00e9rateur de particules, Strasbourg 2010-12 KECK Kiosk @Kaserne, Basel 2006-23 Vorstand Ausstellungsraum Klingental, Basel \u2026<\/p>","protected":false},"author":1,"featured_media":241,"parent":1214,"menu_order":2,"comment_status":"closed","ping_status":"closed","template":"","meta":{"inspiro_hide_title":false,"footnotes":""},"class_list":["post-1199","page","type-page","status-publish","has-post-thumbnail","hentry"],"featured_media_urls":{"thumbnail":["https:\/\/www.thomasheimann.ch\/wp-content\/uploads\/2022\/08\/Palette-halb-hell20220827-e1663588269504-150x150.jpg",150,150,true],"medium":["https:\/\/www.thomasheimann.ch\/wp-content\/uploads\/2022\/08\/Palette-halb-hell20220827-e1663588269504-300x63.jpg",300,63,true],"medium_large":["https:\/\/www.thomasheimann.ch\/wp-content\/uploads\/2022\/08\/Palette-halb-hell20220827-e1663588269504-768x163.jpg",768,163,true],"large":["https:\/\/www.thomasheimann.ch\/wp-content\/uploads\/2022\/08\/Palette-halb-hell20220827-e1663588269504-1024x217.jpg",950,201,true],"1536x1536":["https:\/\/www.thomasheimann.ch\/wp-content\/uploads\/2022\/08\/Palette-halb-hell20220827-e1663588269504.jpg",1134,240,false],"2048x2048":["https:\/\/www.thomasheimann.ch\/wp-content\/uploads\/2022\/08\/Palette-halb-hell20220827-e1663588269504.jpg",1134,240,false],"trp-custom-language-flag":["https:\/\/www.thomasheimann.ch\/wp-content\/uploads\/2022\/08\/Palette-halb-hell20220827-e1663588269504-18x4.jpg",18,4,true],"inspiro-featured-image":["https:\/\/www.thomasheimann.ch\/wp-content\/uploads\/2022\/08\/Palette-halb-hell20220827-e1663588269504.jpg",1134,240,false],"inspiro-loop":["https:\/\/www.thomasheimann.ch\/wp-content\/uploads\/2022\/08\/Palette-halb-hell20220827-e1663588269504-950x240.jpg",950,240,true],"inspiro-loop@2x":["https:\/\/www.thomasheimann.ch\/wp-content\/uploads\/2022\/08\/Palette-halb-hell20220827-e1663588269504.jpg",1134,240,false],"portfolio_item-thumbnail":["https:\/\/www.thomasheimann.ch\/wp-content\/uploads\/2022\/08\/Palette-halb-hell20220827-e1663588269504-600x240.jpg",600,240,true],"portfolio_item-thumbnail@2x":["https:\/\/www.thomasheimann.ch\/wp-content\/uploads\/2022\/08\/Palette-halb-hell20220827-e1663588269504.jpg",1134,240,false],"portfolio_item-masonry":["https:\/\/www.thomasheimann.ch\/wp-content\/uploads\/2022\/08\/Palette-halb-hell20220827-e1663588269504-600x127.jpg",600,127,true],"portfolio_item-masonry@2x":["https:\/\/www.thomasheimann.ch\/wp-content\/uploads\/2022\/08\/Palette-halb-hell20220827-e1663588269504.jpg",1134,240,false],"portfolio_item-thumbnail_cinema":["https:\/\/www.thomasheimann.ch\/wp-content\/uploads\/2022\/08\/Palette-halb-hell20220827-e1663588269504-800x240.jpg",800,240,true],"portfolio_item-thumbnail_portrait":["https:\/\/www.thomasheimann.ch\/wp-content\/uploads\/2022\/08\/Palette-halb-hell20220827-e1663588269504-600x240.jpg",600,240,true],"portfolio_item-thumbnail_portrait@2x":["https:\/\/www.thomasheimann.ch\/wp-content\/uploads\/2022\/08\/Palette-halb-hell20220827-e1663588269504.jpg",1134,240,false],"portfolio_item-thumbnail_square":["https:\/\/www.thomasheimann.ch\/wp-content\/uploads\/2022\/08\/Palette-halb-hell20220827-e1663588269504-800x240.jpg",800,240,true]},"_links":{"self":[{"href":"https:\/\/www.thomasheimann.ch\/en\/wp-json\/wp\/v2\/pages\/1199","targetHints":{"allow":["GET"]}}],"collection":[{"href":"https:\/\/www.thomasheimann.ch\/en\/wp-json\/wp\/v2\/pages"}],"about":[{"href":"https:\/\/www.thomasheimann.ch\/en\/wp-json\/wp\/v2\/types\/page"}],"author":[{"embeddable":true,"href":"https:\/\/www.thomasheimann.ch\/en\/wp-json\/wp\/v2\/users\/1"}],"replies":[{"embeddable":true,"href":"https:\/\/www.thomasheimann.ch\/en\/wp-json\/wp\/v2\/comments?post=1199"}],"version-history":[{"count":10,"href":"https:\/\/www.thomasheimann.ch\/en\/wp-json\/wp\/v2\/pages\/1199\/revisions"}],"predecessor-version":[{"id":1269,"href":"https:\/\/www.thomasheimann.ch\/en\/wp-json\/wp\/v2\/pages\/1199\/revisions\/1269"}],"up":[{"embeddable":true,"href":"https:\/\/www.thomasheimann.ch\/en\/wp-json\/wp\/v2\/pages\/1214"}],"wp:featuredmedia":[{"embeddable":true,"href":"https:\/\/www.thomasheimann.ch\/en\/wp-json\/wp\/v2\/media\/241"}],"wp:attachment":[{"href":"https:\/\/www.thomasheimann.ch\/en\/wp-json\/wp\/v2\/media?parent=1199"}],"curies":[{"name":"wp","href":"https:\/\/api.w.org\/{rel}","templated":true}]}}